{"id":445,"date":"2022-10-09T12:57:34","date_gmt":"2022-10-09T12:57:34","guid":{"rendered":"https:\/\/tedxbielbienne.com\/impressum\/"},"modified":"2025-02-01T19:05:40","modified_gmt":"2025-02-01T19:05:40","slug":"impressum","status":"publish","type":"page","link":"https:\/\/tedxbielbienne.com\/fr\/impressum\/","title":{"rendered":"Impressum"},"content":{"rendered":"\t\t<div data-elementor-type=\"wp-page\" data-elementor-id=\"445\" class=\"elementor elementor-445 elementor-12\">\n\t\t\t\t\t\t\t\t\t<section class=\"elementor-section elementor-top-section elementor-element elementor-element-cc4de7a elementor-section-boxed elementor-section-height-default elementor-section-height-default\" data-id=\"cc4de7a\" data-element_type=\"section\">\n\t\t\t\t\t\t<div class=\"elementor-container elementor-column-gap-default\">\n\t\t\t\t\t<div class=\"elementor-column elementor-col-100 elementor-top-column elementor-element elementor-element-b6aa156\" data-id=\"b6aa156\" data-element_type=\"column\">\n\t\t\t<div class=\"elementor-widget-wrap elementor-element-populated\">\n\t\t\t\t\t\t\t\t<div class=\"elementor-element elementor-element-dfa13c0 elementor-widget elementor-widget-text-editor\" data-id=\"dfa13c0\" data-element_type=\"widget\" data-widget_type=\"text-editor.default\">\n\t\t\t\t<div class=\"elementor-widget-container\">\n\t\t\t<style>\/*! elementor - v3.9.2 - 21-12-2022 *\/\n.elementor-widget-text-editor.elementor-drop-cap-view-stacked .elementor-drop-cap{background-color:#818a91;color:#fff}.elementor-widget-text-editor.elementor-drop-cap-view-framed .elementor-drop-cap{color:#818a91;border:3px solid;background-color:transparent}.elementor-widget-text-editor:not(.elementor-drop-cap-view-default) .elementor-drop-cap{margin-top:8px}.elementor-widget-text-editor:not(.elementor-drop-cap-view-default) .elementor-drop-cap-letter{width:1em;height:1em}.elementor-widget-text-editor .elementor-drop-cap{float:left;text-align:center;line-height:1;font-size:50px}.elementor-widget-text-editor .elementor-drop-cap-letter{display:inline-block}<\/style>\t\t\t\t<p>1.1 VERANTWORTLICH F\u00dcR DEN INHALT DIESER WEBSITE (GILT AUCH F\u00dcR DIE SOCIAL MEDIA SEITEN):<\/p>\n<p style=\"font-weight: 400;\">TEDxBielBienne<br \/>Vertreten durch Simon Leuenberger<br \/>E-Mail: simo@tedxbb.com<\/p>\n<p style=\"font-weight: 400;\">Bei Fragen helfen wir Ihnen gerne weiter.<\/p>\n<p>1.2 HAFTUNGSAUSSCHLUSS<\/p>\n<p style=\"font-weight: 400;\">Der Autor \u00fcbernimmt keinerlei Gew\u00e4hr hinsichtlich der inhaltlichen Richtigkeit, Genauigkeit, Aktualit\u00e4t, Zuverl\u00e4ssigkeit und Vollst\u00e4ndigkeit der Informationen.<\/p>\n<p style=\"font-weight: 400;\">Haftungsanspr\u00fcche gegen den Autor wegen Sch\u00e4den materieller oder immaterieller Art, welche aus dem Zugriff oder der Nutzung bzw. Nichtnutzung der ver\u00f6ffentlichten Informationen, durch Missbrauch der Verbindung oder durch technische St\u00f6rungen entstanden sind, werden ausgeschlossen.<\/p>\n<p style=\"font-weight: 400;\">Alle Angebote sind unverbindlich. Der Autor beh\u00e4lt es sich ausdr\u00fccklich vor, Teile der Seiten oder das gesamte Angebot ohne gesonderte Ank\u00fcndigung zu ver\u00e4ndern, zu erg\u00e4nzen, zu l\u00f6schen oder die Ver\u00f6ffentlichung zeitweise oder endg\u00fcltig einzustellen.<\/p>\n<p>1.3 HAFTUNG F\u00dcR LINKS<\/p>\n<p style=\"font-weight: 400;\">Verweise und Links auf Webseiten Dritter liegen ausserhalb unseres Verantwortungsbereichs. Es wird jegliche Verantwortung f\u00fcr solche Webseiten abgelehnt. Der Zugriff und die Nutzung solcher Webseiten erfolgen auf eigene Gefahr des Nutzers oder der Nutzerin.<\/p>\n<p>1.4 URHEBERRECHTE<\/p>\n<p style=\"font-weight: 400;\">Die Urheber- und alle anderen Rechte an Inhalten, Bildern, Fotos oder anderen Dateien auf der Website geh\u00f6ren ausschliesslich TEDxBielBienne oder den speziell genannten Rechtsinhabern. F\u00fcr die Reproduktion jeglicher Elemente ist die schriftliche Zustimmung der Urheberrechtstr\u00e4ger im Voraus einzuholen.<\/p>\n\t\t\t\t\t\t<\/div>\n\t\t\t\t<\/div>\n\t\t\t\t\t<\/div>\n\t\t<\/div>\n\t\t\t\t\t\t\t<\/div>\n\t\t<\/section>\n\t\t\t\t\t\t\t<\/div>\n\t\t","protected":false},"excerpt":{"rendered":"<p>1.1 VERANTWORTLICH F\u00dcR DEN INHALT DIESER WEBSITE (GILT AUCH F\u00dcR DIE SOCIAL MEDIA SEITEN): TEDxBielBienneVertreten durch Simon LeuenbergerE-Mail: simo@tedxbb.com Bei Fragen helfen wir Ihnen gerne weiter. 1.2 HAFTUNGSAUSSCHLUSS Der Autor \u00fcbernimmt keinerlei Gew\u00e4hr hinsichtlich der inhaltlichen Richtigkeit, Genauigkeit, Aktualit\u00e4t, Zuverl\u00e4ssigkeit und Vollst\u00e4ndigkeit der Informationen. Haftungsanspr\u00fcche gegen den Autor wegen Sch\u00e4den materieller oder immaterieller Art, welche [&hellip;]<\/p>\n","protected":false},"author":1,"featured_media":0,"parent":0,"menu_order":0,"comment_status":"closed","ping_status":"closed","template":"elementor_header_footer","meta":{"footnotes":""},"class_list":["post-445","page","type-page","status-publish","hentry"],"yoast_head":"<!-- This site is optimized with the Yoast SEO plugin v27.4 - https:\/\/yoast.com\/product\/yoast-seo-wordpress\/ -->\n<title>Impressum - TEDxBielBienne 2026<\/title>\n<meta name=\"description\" content=\"- TEDxBielBienne 2026 Impressum\" \/>\n<meta name=\"robots\" content=\"index, follow, max-snippet:-1, max-image-preview:large, max-video-preview:-1\" \/>\n<link rel=\"canonical\" href=\"https:\/\/tedxbielbienne.com\/fr\/impressum\/\" \/>\n<meta property=\"og:locale\" content=\"fr_FR\" \/>\n<meta property=\"og:type\" content=\"article\" \/>\n<meta property=\"og:title\" content=\"Impressum - TEDxBielBienne 2026\" \/>\n<meta property=\"og:description\" content=\"- TEDxBielBienne 2026 Impressum\" \/>\n<meta property=\"og:url\" content=\"https:\/\/tedxbielbienne.com\/fr\/impressum\/\" \/>\n<meta property=\"og:site_name\" content=\"TEDxBielBienne 2026\" \/>\n<meta property=\"article:modified_time\" content=\"2025-02-01T19:05:40+00:00\" \/>\n<meta name=\"twitter:card\" content=\"summary_large_image\" \/>\n<meta name=\"twitter:site\" content=\"@TEDxBielBienne\" \/>\n<meta name=\"twitter:label1\" content=\"Dur\u00e9e de lecture estim\u00e9e\" \/>\n\t<meta name=\"twitter:data1\" content=\"2 minutes\" \/>\n<script type=\"application\/ld+json\" class=\"yoast-schema-graph\">{\"@context\":\"https:\\\/\\\/schema.org\",\"@graph\":[{\"@type\":\"WebPage\",\"@id\":\"https:\\\/\\\/tedxbielbienne.com\\\/fr\\\/impressum\\\/\",\"url\":\"https:\\\/\\\/tedxbielbienne.com\\\/fr\\\/impressum\\\/\",\"name\":\"Impressum - TEDxBielBienne 2026\",\"isPartOf\":{\"@id\":\"https:\\\/\\\/tedxbielbienne.com\\\/fr\\\/#website\"},\"datePublished\":\"2022-10-09T12:57:34+00:00\",\"dateModified\":\"2025-02-01T19:05:40+00:00\",\"description\":\"- TEDxBielBienne 2026 Impressum\",\"breadcrumb\":{\"@id\":\"https:\\\/\\\/tedxbielbienne.com\\\/fr\\\/impressum\\\/#breadcrumb\"},\"inLanguage\":\"fr-FR\",\"potentialAction\":[{\"@type\":\"ReadAction\",\"target\":[\"https:\\\/\\\/tedxbielbienne.com\\\/fr\\\/impressum\\\/\"]}]},{\"@type\":\"BreadcrumbList\",\"@id\":\"https:\\\/\\\/tedxbielbienne.com\\\/fr\\\/impressum\\\/#breadcrumb\",\"itemListElement\":[{\"@type\":\"ListItem\",\"position\":1,\"name\":\"Startseite\",\"item\":\"https:\\\/\\\/tedxbielbienne.com\\\/fr\\\/\"},{\"@type\":\"ListItem\",\"position\":2,\"name\":\"Impressum\"}]},{\"@type\":\"WebSite\",\"@id\":\"https:\\\/\\\/tedxbielbienne.com\\\/fr\\\/#website\",\"url\":\"https:\\\/\\\/tedxbielbienne.com\\\/fr\\\/\",\"name\":\"TEDxBielBienne\",\"description\":\"Event des Jahres\",\"publisher\":{\"@id\":\"https:\\\/\\\/tedxbielbienne.com\\\/fr\\\/#organization\"},\"alternateName\":\"TedxBielBienne\",\"potentialAction\":[{\"@type\":\"SearchAction\",\"target\":{\"@type\":\"EntryPoint\",\"urlTemplate\":\"https:\\\/\\\/tedxbielbienne.com\\\/fr\\\/?s={search_term_string}\"},\"query-input\":{\"@type\":\"PropertyValueSpecification\",\"valueRequired\":true,\"valueName\":\"search_term_string\"}}],\"inLanguage\":\"fr-FR\"},{\"@type\":\"Organization\",\"@id\":\"https:\\\/\\\/tedxbielbienne.com\\\/fr\\\/#organization\",\"name\":\"TEDxBielBienne\",\"alternateName\":\"TedxBielBienne\",\"url\":\"https:\\\/\\\/tedxbielbienne.com\\\/fr\\\/\",\"logo\":{\"@type\":\"ImageObject\",\"inLanguage\":\"fr-FR\",\"@id\":\"https:\\\/\\\/tedxbielbienne.com\\\/fr\\\/#\\\/schema\\\/logo\\\/image\\\/\",\"url\":\"https:\\\/\\\/tedxbielbienne.com\\\/wp-content\\\/uploads\\\/2022\\\/10\\\/TEDxBielBienne-light.svg\",\"contentUrl\":\"https:\\\/\\\/tedxbielbienne.com\\\/wp-content\\\/uploads\\\/2022\\\/10\\\/TEDxBielBienne-light.svg\",\"width\":4800,\"height\":1000,\"caption\":\"TEDxBielBienne\"},\"image\":{\"@id\":\"https:\\\/\\\/tedxbielbienne.com\\\/fr\\\/#\\\/schema\\\/logo\\\/image\\\/\"},\"sameAs\":[\"https:\\\/\\\/x.com\\\/TEDxBielBienne\",\"https:\\\/\\\/www.instagram.com\\\/tedxbielbienne\\\/\",\"https:\\\/\\\/www.linkedin.com\\\/company\\\/73065034\"]}]}<\/script>\n<!-- \/ Yoast SEO plugin. -->","yoast_head_json":{"title":"Impressum - TEDxBielBienne 2026","description":"- TEDxBielBienne 2026 Impressum","robots":{"index":"index","follow":"follow","max-snippet":"max-snippet:-1","max-image-preview":"max-image-preview:large","max-video-preview":"max-video-preview:-1"},"canonical":"https:\/\/tedxbielbienne.com\/fr\/impressum\/","og_locale":"fr_FR","og_type":"article","og_title":"Impressum - TEDxBielBienne 2026","og_description":"- TEDxBielBienne 2026 Impressum","og_url":"https:\/\/tedxbielbienne.com\/fr\/impressum\/","og_site_name":"TEDxBielBienne 2026","article_modified_time":"2025-02-01T19:05:40+00:00","twitter_card":"summary_large_image","twitter_site":"@TEDxBielBienne","twitter_misc":{"Dur\u00e9e de lecture estim\u00e9e":"2 minutes"},"schema":{"@context":"https:\/\/schema.org","@graph":[{"@type":"WebPage","@id":"https:\/\/tedxbielbienne.com\/fr\/impressum\/","url":"https:\/\/tedxbielbienne.com\/fr\/impressum\/","name":"Impressum - TEDxBielBienne 2026","isPartOf":{"@id":"https:\/\/tedxbielbienne.com\/fr\/#website"},"datePublished":"2022-10-09T12:57:34+00:00","dateModified":"2025-02-01T19:05:40+00:00","description":"- TEDxBielBienne 2026 Impressum","breadcrumb":{"@id":"https:\/\/tedxbielbienne.com\/fr\/impressum\/#breadcrumb"},"inLanguage":"fr-FR","potentialAction":[{"@type":"ReadAction","target":["https:\/\/tedxbielbienne.com\/fr\/impressum\/"]}]},{"@type":"BreadcrumbList","@id":"https:\/\/tedxbielbienne.com\/fr\/impressum\/#breadcrumb","itemListElement":[{"@type":"ListItem","position":1,"name":"Startseite","item":"https:\/\/tedxbielbienne.com\/fr\/"},{"@type":"ListItem","position":2,"name":"Impressum"}]},{"@type":"WebSite","@id":"https:\/\/tedxbielbienne.com\/fr\/#website","url":"https:\/\/tedxbielbienne.com\/fr\/","name":"TEDxBielBienne","description":"Event des Jahres","publisher":{"@id":"https:\/\/tedxbielbienne.com\/fr\/#organization"},"alternateName":"TedxBielBienne","potentialAction":[{"@type":"SearchAction","target":{"@type":"EntryPoint","urlTemplate":"https:\/\/tedxbielbienne.com\/fr\/?s={search_term_string}"},"query-input":{"@type":"PropertyValueSpecification","valueRequired":true,"valueName":"search_term_string"}}],"inLanguage":"fr-FR"},{"@type":"Organization","@id":"https:\/\/tedxbielbienne.com\/fr\/#organization","name":"TEDxBielBienne","alternateName":"TedxBielBienne","url":"https:\/\/tedxbielbienne.com\/fr\/","logo":{"@type":"ImageObject","inLanguage":"fr-FR","@id":"https:\/\/tedxbielbienne.com\/fr\/#\/schema\/logo\/image\/","url":"https:\/\/tedxbielbienne.com\/wp-content\/uploads\/2022\/10\/TEDxBielBienne-light.svg","contentUrl":"https:\/\/tedxbielbienne.com\/wp-content\/uploads\/2022\/10\/TEDxBielBienne-light.svg","width":4800,"height":1000,"caption":"TEDxBielBienne"},"image":{"@id":"https:\/\/tedxbielbienne.com\/fr\/#\/schema\/logo\/image\/"},"sameAs":["https:\/\/x.com\/TEDxBielBienne","https:\/\/www.instagram.com\/tedxbielbienne\/","https:\/\/www.linkedin.com\/company\/73065034"]}]}},"_links":{"self":[{"href":"https:\/\/tedxbielbienne.com\/fr\/wp-json\/wp\/v2\/pages\/445","targetHints":{"allow":["GET"]}}],"collection":[{"href":"https:\/\/tedxbielbienne.com\/fr\/wp-json\/wp\/v2\/pages"}],"about":[{"href":"https:\/\/tedxbielbienne.com\/fr\/wp-json\/wp\/v2\/types\/page"}],"author":[{"embeddable":true,"href":"https:\/\/tedxbielbienne.com\/fr\/wp-json\/wp\/v2\/users\/1"}],"replies":[{"embeddable":true,"href":"https:\/\/tedxbielbienne.com\/fr\/wp-json\/wp\/v2\/comments?post=445"}],"version-history":[{"count":3,"href":"https:\/\/tedxbielbienne.com\/fr\/wp-json\/wp\/v2\/pages\/445\/revisions"}],"predecessor-version":[{"id":448,"href":"https:\/\/tedxbielbienne.com\/fr\/wp-json\/wp\/v2\/pages\/445\/revisions\/448"}],"wp:attachment":[{"href":"https:\/\/tedxbielbienne.com\/fr\/wp-json\/wp\/v2\/media?parent=445"}],"curies":[{"name":"wp","href":"https:\/\/api.w.org\/{rel}","templated":true}]}}